{"id":6622,"date":"2025-06-13T08:35:14","date_gmt":"2025-06-13T05:35:14","guid":{"rendered":"https:\/\/collar-tech.com\/?page_id=6622"},"modified":"2025-08-12T18:29:36","modified_gmt":"2025-08-12T15:29:36","slug":"urunler","status":"publish","type":"page","link":"https:\/\/collar-tech.com\/en\/urunler\/","title":{"rendered":"Products"},"content":{"rendered":"<div data-elementor-type=\"wp-page\" data-elementor-id=\"6622\" class=\"elementor elementor-6622\" data-elementor-post-type=\"page\">\n\t\t\t\t\t\t<section class=\"elementor-section elementor-top-section elementor-element elementor-element-f01e3a9 elementor-section-full_width elementor-section-height-default elementor-section-height-default sc_fly_static\" data-id=\"f01e3a9\" data-element_type=\"section\">\n\t\t\t\t\t\t<div class=\"elementor-container elementor-column-gap-no\">\n\t\t\t\t\t<div class=\"elementor-column elementor-col-100 elementor-top-column elementor-element elementor-element-fbde7f4 sc_content_align_inherit sc_layouts_column_icons_position_left sc_fly_static\" data-id=\"fbde7f4\" data-element_type=\"column\">\n\t\t\t<div class=\"elementor-widget-wrap elementor-element-populated\">\n\t\t\t\t\t\t<div class=\"elementor-element elementor-element-af4ba17 sc_fly_static elementor-widget elementor-widget-trx_widget_categories_list\" data-id=\"af4ba17\" data-element_type=\"widget\" data-widget_type=\"trx_widget_categories_list.default\">\n\t\t\t\t<div class=\"elementor-widget-container\">\n\t\t\t\t\t<div class=\"widget_area sc_widget_categories_list\"><aside class=\"widget widget_categories_list\">\t<div class=\"categories_list categories_list_style_6\">\n\t\t<div class=\"categories_list_columns trx_addons_columns_wrap columns_padding_bottom columns_in_single_row\"><div class=\"trx_addons_column-1_3\">\t\t\t\t\t<div class=\"categories_list_item\">\n\t\t\t\t\t\t<div class=\"categories_list_image\"><img fetchpriority=\"high\" decoding=\"async\" src=\"\/\/collar-tech.com\/wp-content\/uploads\/2025\/06\/Yedek-Parca-650x572.jpg\" width=\"650\" height=\"572\" alt=\"Category image\">\n\t\t\t\t\t\t<\/div>\t\t\t\t\t\t<div class=\"categories_list_info_wrap\">\n\t\t\t\t\t\t\t<div class=\"categories_list_info\">\n\t\t\t\t\t\t\t\t<h6 class=\"categories_list_title\">\n\t\t\t\t\t\t\t\t\t<span class=\"categories_list_caption\">Forming Collars<\/span><\/h6>\n\n\t\t\t\t\t\t\t\t<a href=\"https:\/\/collar-tech.com\/en\/product-category\/sekillendirme\/\" class=\"categories_link_more\">Examine<\/a>\n\t\t\t\t\t\t\t<\/div>\n\t\t\t\t\t\t<\/div>\n\t\t\t\t\t\t<a href=\"https:\/\/collar-tech.com\/en\/product-category\/sekillendirme\/\" class=\"categories_list_link\"><\/a>\n\t\t\t\t\t<\/div>\n\t\t\t\t\t<\/div><div class=\"trx_addons_column-1_3\">\t\t\t\t\t<div class=\"categories_list_item\">\n\t\t\t\t\t\t<div class=\"categories_list_image\"><img decoding=\"async\" src=\"\/\/collar-tech.com\/wp-content\/uploads\/2025\/06\/aksesuar-kare-650x572.jpg\" width=\"650\" height=\"572\" alt=\"Category image\">\n\t\t\t\t\t\t<\/div>\t\t\t\t\t\t<div class=\"categories_list_info_wrap\">\n\t\t\t\t\t\t\t<div class=\"categories_list_info\">\n\t\t\t\t\t\t\t\t<h6 class=\"categories_list_title\">\n\t\t\t\t\t\t\t\t\t<span class=\"categories_list_caption\">Accessories<\/span><\/h6>\n\n\t\t\t\t\t\t\t\t<a href=\"https:\/\/collar-tech.com\/en\/product-category\/aksesuarlar\/\" class=\"categories_link_more\">Examine<\/a>\n\t\t\t\t\t\t\t<\/div>\n\t\t\t\t\t\t<\/div>\n\t\t\t\t\t\t<a href=\"https:\/\/collar-tech.com\/en\/product-category\/aksesuarlar\/\" class=\"categories_list_link\"><\/a>\n\t\t\t\t\t<\/div>\n\t\t\t\t\t<\/div><div class=\"trx_addons_column-1_3\">\t\t\t\t\t<div class=\"categories_list_item\">\n\t\t\t\t\t\t<div class=\"categories_list_image\"><img decoding=\"async\" src=\"\/\/collar-tech.com\/wp-content\/uploads\/2025\/06\/yedekkare-650x572.jpg\" width=\"650\" height=\"572\" alt=\"Category image\">\n\t\t\t\t\t\t<\/div>\t\t\t\t\t\t<div class=\"categories_list_info_wrap\">\n\t\t\t\t\t\t\t<div class=\"categories_list_info\">\n\t\t\t\t\t\t\t\t<h6 class=\"categories_list_title\">\n\t\t\t\t\t\t\t\t\t<span class=\"categories_list_caption\">Machine Spare Parts<\/span><\/h6>\n\n\t\t\t\t\t\t\t\t<a href=\"https:\/\/collar-tech.com\/en\/product-category\/yedekparcalar\/\" class=\"categories_link_more\">Examine<\/a>\n\t\t\t\t\t\t\t<\/div>\n\t\t\t\t\t\t<\/div>\n\t\t\t\t\t\t<a href=\"https:\/\/collar-tech.com\/en\/product-category\/yedekparcalar\/\" class=\"categories_list_link\"><\/a>\n\t\t\t\t\t<\/div>\n\t\t\t\t\t<\/div><\/div>\t<\/div>\n<\/aside><\/div>\t\t\t\t<\/div>\n\t\t\t\t<\/div>\n\t\t\t\t\t<\/div>\n\t\t<\/div>\n\t\t\t\t\t<\/div>\n\t\t<\/section>\n\t\t\t\t<\/div>","protected":false},"excerpt":{"rendered":"<p>\u015eekillendirme Yakalar\u0131 \u0130ncele Aksesuarlar \u0130ncele Yedek Par\u00e7alar \u0130ncele<\/p>","protected":false},"author":1,"featured_media":0,"parent":0,"menu_order":0,"comment_status":"closed","ping_status":"closed","template":"","meta":{"_monsterinsights_skip_tracking":false,"_monsterinsights_sitenote_active":false,"_monsterinsights_sitenote_note":"","_monsterinsights_sitenote_category":0,"footnotes":""},"class_list":["post-6622","page","type-page","status-publish","hentry"],"_links":{"self":[{"href":"https:\/\/collar-tech.com\/en\/wp-json\/wp\/v2\/pages\/6622","targetHints":{"allow":["GET"]}}],"collection":[{"href":"https:\/\/collar-tech.com\/en\/wp-json\/wp\/v2\/pages"}],"about":[{"href":"https:\/\/collar-tech.com\/en\/wp-json\/wp\/v2\/types\/page"}],"author":[{"embeddable":true,"href":"https:\/\/collar-tech.com\/en\/wp-json\/wp\/v2\/users\/1"}],"replies":[{"embeddable":true,"href":"https:\/\/collar-tech.com\/en\/wp-json\/wp\/v2\/comments?post=6622"}],"version-history":[{"count":36,"href":"https:\/\/collar-tech.com\/en\/wp-json\/wp\/v2\/pages\/6622\/revisions"}],"predecessor-version":[{"id":7554,"href":"https:\/\/collar-tech.com\/en\/wp-json\/wp\/v2\/pages\/6622\/revisions\/7554"}],"wp:attachment":[{"href":"https:\/\/collar-tech.com\/en\/wp-json\/wp\/v2\/media?parent=6622"}],"curies":[{"name":"wp","href":"https:\/\/api.w.org\/{rel}","templated":true}]}}